{"id":14,"date":"2013-12-31T14:34:06","date_gmt":"2013-12-31T13:34:06","guid":{"rendered":"http:\/\/www.clickfrog.de\/wp\/?page_id=14"},"modified":"2014-01-20T20:44:49","modified_gmt":"2014-01-20T19:44:49","slug":"angebot","status":"publish","type":"page","link":"https:\/\/www.clickfrog.de\/","title":{"rendered":"Angebot"},"content":{"rendered":"<p>Individuelle und crossmediale L\u00f6sungen sind unser Gesch\u00e4ft.<\/p>\n<p>Sei es Grafik Design f\u00fcr Web oder Druck, f\u00fcr Einzelproduktionen oder ganze Marketingstrategien zur Imagepflege, Programmierung, Text oder Fotografie.<\/p>\n<p>Unsere Spielwiese sind digitale Medien.<\/p>\n<p>Mit ihrer Hilfe konzeptionieren, gestalten und produzieren wir Ihre Projekte.<\/p>\n","protected":false},"excerpt":{"rendered":"<p>Individuelle und crossmediale L\u00f6sungen sind unser Gesch\u00e4ft. Sei es Grafik Design f\u00fcr Web oder Druck, f\u00fcr Einzelproduktionen oder ganze Marketingstrategien zur Imagepflege, Programmierung, Text oder Fotografie. Unsere Spielwiese sind digitale Medien. Mit ihrer Hilfe konzeptionieren, gestalten und produzieren wir Ihre Projekte.<\/p>\n","protected":false},"author":2,"featured_media":0,"parent":0,"menu_order":0,"comment_status":"closed","ping_status":"closed","template":"","meta":{"footnotes":""},"class_list":["post-14","page","type-page","status-publish","hentry"],"_links":{"self":[{"href":"https:\/\/www.clickfrog.de\/index.php?rest_route=\/wp\/v2\/pages\/14","targetHints":{"allow":["GET"]}}],"collection":[{"href":"https:\/\/www.clickfrog.de\/index.php?rest_route=\/wp\/v2\/pages"}],"about":[{"href":"https:\/\/www.clickfrog.de\/index.php?rest_route=\/wp\/v2\/types\/page"}],"author":[{"embeddable":true,"href":"https:\/\/www.clickfrog.de\/index.php?rest_route=\/wp\/v2\/users\/2"}],"replies":[{"embeddable":true,"href":"https:\/\/www.clickfrog.de\/index.php?rest_route=%2Fwp%2Fv2%2Fcomments&post=14"}],"version-history":[{"count":5,"href":"https:\/\/www.clickfrog.de\/index.php?rest_route=\/wp\/v2\/pages\/14\/revisions"}],"predecessor-version":[{"id":120,"href":"https:\/\/www.clickfrog.de\/index.php?rest_route=\/wp\/v2\/pages\/14\/revisions\/120"}],"wp:attachment":[{"href":"https:\/\/www.clickfrog.de\/index.php?rest_route=%2Fwp%2Fv2%2Fmedia&parent=14"}],"curies":[{"name":"wp","href":"https:\/\/api.w.org\/{rel}","templated":true}]}}