{"id":16,"date":"2013-12-31T14:37:28","date_gmt":"2013-12-31T13:37:28","guid":{"rendered":"http:\/\/www.clickfrog.de\/wp\/?page_id=16"},"modified":"2014-01-20T20:17:27","modified_gmt":"2014-01-20T19:17:27","slug":"web-design","status":"publish","type":"page","link":"https:\/\/www.clickfrog.de\/?page_id=16","title":{"rendered":"Web Design"},"content":{"rendered":"<p><span style=\"line-height: 1.5;\">Web Design ist die gelungene Verbindung zwischen Funktion, Nutzbarkeit und Aussehen.<\/span><\/p>\n<p>Also einfach: Sch\u00f6nes, das funktioniert und dar\u00fcber hinaus auch noch leicht zu bedienen ist.<\/p>\n<p>Dabei sollte Internetspezifisches ber\u00fccksichtigt werden, wie etwa: Interaktivit\u00e4t, Logik der Benutzerf\u00fchrung, ver\u00e4nderte Aufmerksamkeitsschwelle, Netikette, Texting und \u00e4hnliches.<\/p>\n<p>Aber lassen Sie uns nur machen!<\/p>\n","protected":false},"excerpt":{"rendered":"<p>Web Design ist die gelungene Verbindung zwischen Funktion, Nutzbarkeit und Aussehen. Also einfach: Sch\u00f6nes, das funktioniert und dar\u00fcber hinaus auch noch leicht zu bedienen ist. Dabei sollte Internetspezifisches ber\u00fccksichtigt werden, wie etwa: Interaktivit\u00e4t, Logik der Benutzerf\u00fchrung, ver\u00e4nderte Aufmerksamkeitsschwelle, Netikette, Texting und \u00e4hnliches. Aber lassen Sie uns nur machen!<\/p>\n","protected":false},"author":2,"featured_media":0,"parent":0,"menu_order":0,"comment_status":"closed","ping_status":"closed","template":"","meta":{"footnotes":""},"class_list":["post-16","page","type-page","status-publish","hentry"],"_links":{"self":[{"href":"https:\/\/www.clickfrog.de\/index.php?rest_route=\/wp\/v2\/pages\/16","targetHints":{"allow":["GET"]}}],"collection":[{"href":"https:\/\/www.clickfrog.de\/index.php?rest_route=\/wp\/v2\/pages"}],"about":[{"href":"https:\/\/www.clickfrog.de\/index.php?rest_route=\/wp\/v2\/types\/page"}],"author":[{"embeddable":true,"href":"https:\/\/www.clickfrog.de\/index.php?rest_route=\/wp\/v2\/users\/2"}],"replies":[{"embeddable":true,"href":"https:\/\/www.clickfrog.de\/index.php?rest_route=%2Fwp%2Fv2%2Fcomments&post=16"}],"version-history":[{"count":4,"href":"https:\/\/www.clickfrog.de\/index.php?rest_route=\/wp\/v2\/pages\/16\/revisions"}],"predecessor-version":[{"id":106,"href":"https:\/\/www.clickfrog.de\/index.php?rest_route=\/wp\/v2\/pages\/16\/revisions\/106"}],"wp:attachment":[{"href":"https:\/\/www.clickfrog.de\/index.php?rest_route=%2Fwp%2Fv2%2Fmedia&parent=16"}],"curies":[{"name":"wp","href":"https:\/\/api.w.org\/{rel}","templated":true}]}}