{"id":18,"date":"2013-12-31T14:37:17","date_gmt":"2013-12-31T13:37:17","guid":{"rendered":"http:\/\/www.clickfrog.de\/wp\/?page_id=18"},"modified":"2013-12-31T14:55:32","modified_gmt":"2013-12-31T13:55:32","slug":"programmierung","status":"publish","type":"page","link":"https:\/\/www.clickfrog.de\/?page_id=18","title":{"rendered":"Programmierung"},"content":{"rendered":"<p>Programmierung aus Wikipedia, der freien Enzyklop\u00e4die\u00a0<a href=\"http:\/\/www.wikipedia.org\/\" target=\"_blank\">www.wikipedia.org<\/a>:<\/p>\n<p>&#8222;Programmierung bezeichnet die T\u00e4tigkeit, Computerprogramme (Software) zu erstellen. Im weiteren Sinne versteht man dabei alle T\u00e4tigkeiten, die mit dieser Programmerstellung verbunden sind, insbesondere auch den konzeptionellen Entwurf. Im engeren Sinne bezeichnet Programmierung lediglich das Umsetzen dieses konzeptionellen, abstrakten Entwurfes in konkreten Quelltext.&#8220;<\/p>\n<p>Soviel zur rudiment\u00e4ren Theorie.<\/p>\n<p>Sie wollen eine eigene Internetseite. Sie m\u00f6chten die Inhalte Ihrer Internetpr\u00e4senz selbst pflegen, Sie wollen Formulare und Logins auf Ihrer Website, Sie finden Intros einfach sch\u00f6n, Sie wollen saubere Kundendaten und Ihre Daten sind reif f\u00fcr eine neue Struktur und eine Datenbank.<\/p>\n<p>Jetzt sind wir bei der individuellen Praxis.<\/p>\n","protected":false},"excerpt":{"rendered":"<p>Programmierung aus Wikipedia, der freien Enzyklop\u00e4die\u00a0www.wikipedia.org: &#8222;Programmierung bezeichnet die T\u00e4tigkeit, Computerprogramme (Software) zu erstellen. Im weiteren Sinne versteht man dabei alle T\u00e4tigkeiten, die mit dieser Programmerstellung verbunden sind, insbesondere auch den konzeptionellen Entwurf. Im engeren Sinne bezeichnet Programmierung lediglich das Umsetzen dieses konzeptionellen, abstrakten Entwurfes in konkreten Quelltext.&#8220; Soviel zur rudiment\u00e4ren Theorie. Sie wollen eine &hellip; <\/p>\n<p class=\"link-more\"><a href=\"https:\/\/www.clickfrog.de\/?page_id=18\" class=\"more-link\"><span class=\"screen-reader-text\">\u201eProgrammierung\u201c<\/span> weiterlesen<\/a><\/p>\n","protected":false},"author":2,"featured_media":0,"parent":0,"menu_order":0,"comment_status":"closed","ping_status":"closed","template":"","meta":{"footnotes":""},"class_list":["post-18","page","type-page","status-publish","hentry"],"_links":{"self":[{"href":"https:\/\/www.clickfrog.de\/index.php?rest_route=\/wp\/v2\/pages\/18","targetHints":{"allow":["GET"]}}],"collection":[{"href":"https:\/\/www.clickfrog.de\/index.php?rest_route=\/wp\/v2\/pages"}],"about":[{"href":"https:\/\/www.clickfrog.de\/index.php?rest_route=\/wp\/v2\/types\/page"}],"author":[{"embeddable":true,"href":"https:\/\/www.clickfrog.de\/index.php?rest_route=\/wp\/v2\/users\/2"}],"replies":[{"embeddable":true,"href":"https:\/\/www.clickfrog.de\/index.php?rest_route=%2Fwp%2Fv2%2Fcomments&post=18"}],"version-history":[{"count":2,"href":"https:\/\/www.clickfrog.de\/index.php?rest_route=\/wp\/v2\/pages\/18\/revisions"}],"predecessor-version":[{"id":68,"href":"https:\/\/www.clickfrog.de\/index.php?rest_route=\/wp\/v2\/pages\/18\/revisions\/68"}],"wp:attachment":[{"href":"https:\/\/www.clickfrog.de\/index.php?rest_route=%2Fwp%2Fv2%2Fmedia&parent=18"}],"curies":[{"name":"wp","href":"https:\/\/api.w.org\/{rel}","templated":true}]}}