{"id":24,"date":"2013-12-31T14:33:48","date_gmt":"2013-12-31T13:33:48","guid":{"rendered":"http:\/\/www.clickfrog.de\/wp\/?page_id=24"},"modified":"2014-01-20T20:42:49","modified_gmt":"2014-01-20T19:42:49","slug":"agentur","status":"publish","type":"page","link":"https:\/\/www.clickfrog.de\/?page_id=24","title":{"rendered":"Agentur"},"content":{"rendered":"<p>Wir betreuen Sie von der ersten Idee bis zum fertigen Produkt. Alles aus einer Hand.<\/p>\n<p>In uns finden Sie einen professionellen und ideenreichen Partner &#8211; zu fairen und g\u00fcnstigen Konditionen f\u00fcr individuelle und crossmediale L\u00f6sungen.<\/p>\n","protected":false},"excerpt":{"rendered":"<p>Wir betreuen Sie von der ersten Idee bis zum fertigen Produkt. Alles aus einer Hand. In uns finden Sie einen professionellen und ideenreichen Partner &#8211; zu fairen und g\u00fcnstigen Konditionen f\u00fcr individuelle und crossmediale L\u00f6sungen.<\/p>\n","protected":false},"author":2,"featured_media":0,"parent":0,"menu_order":0,"comment_status":"closed","ping_status":"closed","template":"","meta":{"footnotes":""},"class_list":["post-24","page","type-page","status-publish","hentry"],"_links":{"self":[{"href":"https:\/\/www.clickfrog.de\/index.php?rest_route=\/wp\/v2\/pages\/24","targetHints":{"allow":["GET"]}}],"collection":[{"href":"https:\/\/www.clickfrog.de\/index.php?rest_route=\/wp\/v2\/pages"}],"about":[{"href":"https:\/\/www.clickfrog.de\/index.php?rest_route=\/wp\/v2\/types\/page"}],"author":[{"embeddable":true,"href":"https:\/\/www.clickfrog.de\/index.php?rest_route=\/wp\/v2\/users\/2"}],"replies":[{"embeddable":true,"href":"https:\/\/www.clickfrog.de\/index.php?rest_route=%2Fwp%2Fv2%2Fcomments&post=24"}],"version-history":[{"count":7,"href":"https:\/\/www.clickfrog.de\/index.php?rest_route=\/wp\/v2\/pages\/24\/revisions"}],"predecessor-version":[{"id":119,"href":"https:\/\/www.clickfrog.de\/index.php?rest_route=\/wp\/v2\/pages\/24\/revisions\/119"}],"wp:attachment":[{"href":"https:\/\/www.clickfrog.de\/index.php?rest_route=%2Fwp%2Fv2%2Fmedia&parent=24"}],"curies":[{"name":"wp","href":"https:\/\/api.w.org\/{rel}","templated":true}]}}