{"id":28,"date":"2013-12-31T14:37:49","date_gmt":"2013-12-31T13:37:49","guid":{"rendered":"http:\/\/www.clickfrog.de\/wp\/?page_id=28"},"modified":"2013-12-31T14:59:34","modified_gmt":"2013-12-31T13:59:34","slug":"team","status":"publish","type":"page","link":"https:\/\/www.clickfrog.de\/?page_id=28","title":{"rendered":"Team"},"content":{"rendered":"<p>Wir betreuen Sie von der ersten Idee bis zum fertigen Produkt &#8211; Alles aus einer Hand.<\/p>\n<p>Je nach Aufgabe arbeiten wir alleine, in Ihrem Team vor Ort oder mit Profis aus unserem eigenen Netzwerk. Diese Flexibilit\u00e4t gew\u00e4hrleistet schnelle Ergebnisse auf h\u00f6chstem Niveau und zu dem finden Sie in uns einen ideenreichen und professionellen Partner zu fairen Konditionen.<\/p>\n<p>Projektbezogen mit Kollegen zusammenzuarbeiten, die man sch\u00e4tzt und von deren Arbeit man \u00fcberzeugt ist, hat einen sehr angenehmen Nebeneffekt:<br \/>\nAls Freelancer kann man bei gr\u00f6\u00dferen Projekten \u00f6fter im Team arbeiten und jeder Kollege profitiert vom Know-How der anderen.<br \/>\nGerade deshalb sind uns Netzwerke besonders wichtig. Weil gerade dann Projekte umgesetzt werden k\u00f6nnen, die sonst nicht m\u00f6glich gewesen w\u00e4ren.<\/p>\n","protected":false},"excerpt":{"rendered":"<p>Wir betreuen Sie von der ersten Idee bis zum fertigen Produkt &#8211; Alles aus einer Hand. Je nach Aufgabe arbeiten wir alleine, in Ihrem Team vor Ort oder mit Profis aus unserem eigenen Netzwerk. Diese Flexibilit\u00e4t gew\u00e4hrleistet schnelle Ergebnisse auf h\u00f6chstem Niveau und zu dem finden Sie in uns einen ideenreichen und professionellen Partner zu &hellip; <\/p>\n<p class=\"link-more\"><a href=\"https:\/\/www.clickfrog.de\/?page_id=28\" class=\"more-link\"><span class=\"screen-reader-text\">\u201eTeam\u201c<\/span> weiterlesen<\/a><\/p>\n","protected":false},"author":2,"featured_media":0,"parent":0,"menu_order":0,"comment_status":"closed","ping_status":"closed","template":"","meta":{"footnotes":""},"class_list":["post-28","page","type-page","status-publish","hentry"],"_links":{"self":[{"href":"https:\/\/www.clickfrog.de\/index.php?rest_route=\/wp\/v2\/pages\/28","targetHints":{"allow":["GET"]}}],"collection":[{"href":"https:\/\/www.clickfrog.de\/index.php?rest_route=\/wp\/v2\/pages"}],"about":[{"href":"https:\/\/www.clickfrog.de\/index.php?rest_route=\/wp\/v2\/types\/page"}],"author":[{"embeddable":true,"href":"https:\/\/www.clickfrog.de\/index.php?rest_route=\/wp\/v2\/users\/2"}],"replies":[{"embeddable":true,"href":"https:\/\/www.clickfrog.de\/index.php?rest_route=%2Fwp%2Fv2%2Fcomments&post=28"}],"version-history":[{"count":2,"href":"https:\/\/www.clickfrog.de\/index.php?rest_route=\/wp\/v2\/pages\/28\/revisions"}],"predecessor-version":[{"id":72,"href":"https:\/\/www.clickfrog.de\/index.php?rest_route=\/wp\/v2\/pages\/28\/revisions\/72"}],"wp:attachment":[{"href":"https:\/\/www.clickfrog.de\/index.php?rest_route=%2Fwp%2Fv2%2Fmedia&parent=28"}],"curies":[{"name":"wp","href":"https:\/\/api.w.org\/{rel}","templated":true}]}}