{"id":38,"date":"2013-12-31T14:36:13","date_gmt":"2013-12-31T13:36:13","guid":{"rendered":"http:\/\/www.clickfrog.de\/wp\/?page_id=38"},"modified":"2017-02-04T16:20:50","modified_gmt":"2017-02-04T15:20:50","slug":"impressum","status":"publish","type":"page","link":"https:\/\/www.clickfrog.de\/?page_id=38","title":{"rendered":"Impressum"},"content":{"rendered":"<p>(click)frog.networks &#8211; agentur f\u00fcr digitale medien<br \/>\nbohligstra\u00dfe 21 | D-67112 mutterstadt | fon: ++49 6234 819348 |<br \/>\nmobile: ++49 172 7377974 |<a title=\"contact us\" href=\"mailto:info@clickfrog.net\" target=\"_blank\"> mail: info@clickfrog.net<\/a><\/p>\n<p>Inhaltlich Verantwortliche gem. \u00a7 1o Absatz 3 MDStV:<br \/>\nJutta Weinzierl | Kontaktdaten s.o.<\/p>\n<p>Umsatzsteuer-Identifikationsnummer\u00a0gem\u00e4\u00df \u00a7 27 a Umsatzsteuergesetz: DE813636449<\/p>\n<p>Copyright und Urheberrecht:<br \/>\nCopyright by (click)frog.networks registered trademark<br \/>\nAlle Rechte vorbehalten. Die hier zu findenden Informationen dienen nur zur pers\u00f6n lichen Information, daher ist eine kommerzielle Nutzung aller Inhalte nicht erlaubt. Alle Inhalte unterliegen dem Urheberrecht.<\/p>\n<p>Haftungshinweis:<br \/>\nTrotz sorgf\u00e4ltiger inhaltlicher Kontrolle \u00fcbernehmen wir keine Haftung f\u00fcr die Inhalte externer Links. Diese Links dienen lediglich dazu, einen leichten Zugang zu Informationen zu gew\u00e4hrleisten. Die Inhalte werden von uns nicht gepr\u00fcft oder zu eigen gemacht. F\u00fcr die Inhalte verlinkter Seiten sind ausschlie\u00dflich deren Betreiber verantwortlich.<\/p>\n<p>Haftungsausschluss<\/p>\n<p>Inhalt des Onlineangebotes:\u00a0Der Autor \u00fcbernimmt keinerlei Gew\u00e4hr f\u00fcr die Aktualit\u00e4t, Korrektheit, Vollst\u00e4ndigkeit oder Qualit\u00e4t der bereitgestellten Informationen.<br \/>\nVerweise und Links:\u00a0Trotz sorgf\u00e4ltiger inhaltlicher Kontrolle \u00fcbernehmen wir keine Haftung f\u00fcr die Inhalte externer Links. Diese Links dienen lediglich dazu, einen leichten Zugang zu Informationen zu gew\u00e4hrleisten. Die Inhalte werden von uns nicht gepr\u00fcft oder zu eigen gemacht. F\u00fcr die Inhalte verlinkter Seiten sind ausschlie\u00dflich deren Betreiber verantwortlich.<br \/>\nUrheber- und Kennzeichenrecht:\u00a0Der Autor ist bestrebt, in allen Publikationen die Urheberrechte der verwendeten Grafiken, Tondokumente, Videosequenzen und Texte zu beachten.<\/p>\n","protected":false},"excerpt":{"rendered":"<p>(click)frog.networks &#8211; agentur f\u00fcr digitale medien bohligstra\u00dfe 21 | D-67112 mutterstadt | fon: ++49 6234 819348 | mobile: ++49 172 7377974 | mail: info@clickfrog.net Inhaltlich Verantwortliche gem. \u00a7 1o Absatz 3 MDStV: Jutta Weinzierl | Kontaktdaten s.o. Umsatzsteuer-Identifikationsnummer\u00a0gem\u00e4\u00df \u00a7 27 a Umsatzsteuergesetz: DE813636449 Copyright und Urheberrecht: Copyright by (click)frog.networks registered trademark Alle Rechte vorbehalten. Die &hellip; <\/p>\n<p class=\"link-more\"><a href=\"https:\/\/www.clickfrog.de\/?page_id=38\" class=\"more-link\"><span class=\"screen-reader-text\">\u201eImpressum\u201c<\/span> weiterlesen<\/a><\/p>\n","protected":false},"author":2,"featured_media":0,"parent":0,"menu_order":0,"comment_status":"closed","ping_status":"closed","template":"","meta":{"footnotes":""},"class_list":["post-38","page","type-page","status-publish","hentry"],"_links":{"self":[{"href":"https:\/\/www.clickfrog.de\/index.php?rest_route=\/wp\/v2\/pages\/38","targetHints":{"allow":["GET"]}}],"collection":[{"href":"https:\/\/www.clickfrog.de\/index.php?rest_route=\/wp\/v2\/pages"}],"about":[{"href":"https:\/\/www.clickfrog.de\/index.php?rest_route=\/wp\/v2\/types\/page"}],"author":[{"embeddable":true,"href":"https:\/\/www.clickfrog.de\/index.php?rest_route=\/wp\/v2\/users\/2"}],"replies":[{"embeddable":true,"href":"https:\/\/www.clickfrog.de\/index.php?rest_route=%2Fwp%2Fv2%2Fcomments&post=38"}],"version-history":[{"count":8,"href":"https:\/\/www.clickfrog.de\/index.php?rest_route=\/wp\/v2\/pages\/38\/revisions"}],"predecessor-version":[{"id":161,"href":"https:\/\/www.clickfrog.de\/index.php?rest_route=\/wp\/v2\/pages\/38\/revisions\/161"}],"wp:attachment":[{"href":"https:\/\/www.clickfrog.de\/index.php?rest_route=%2Fwp%2Fv2%2Fmedia&parent=38"}],"curies":[{"name":"wp","href":"https:\/\/api.w.org\/{rel}","templated":true}]}}